{"id":8,"date":"2015-03-14T16:04:07","date_gmt":"2015-03-14T16:04:07","guid":{"rendered":"http:\/\/jorritabrahams.nl\/starhotel-wp\/?page_id=8"},"modified":"2024-11-15T17:39:20","modified_gmt":"2024-11-15T16:39:20","slug":"home","status":"publish","type":"page","link":"https:\/\/apartamentos-casasturga.com\/es\/","title":{"rendered":"Casasturga AT-CC-0053"},"content":{"rendered":"<div class=\"wpb-content-wrapper\">[vc_row css=&#8221;.vc_custom_1464780107818{margin-top: 50px !important;}&#8221;][vc_column][vc_btn title=&#8221;Haz tu reserva&#8221; color=&#8221;primary&#8221; size=&#8221;lg&#8221; align=&#8221;center&#8221; i_icon_fontawesome=&#8221;&#8221; css_animation=&#8221;slideInLeft&#8221; css=&#8221;&#8221; button_block=&#8221;true&#8221; add_icon=&#8221;true&#8221; link=&#8221;url:https%3A%2F%2Fapartamentos-casasturga.com%2Fes%2Freserva-apartamentos-casasturga%2F&#8221;]\n        <h2 class=\"lined-heading mt50\">\n            <span>\n            Apartamentos tur\u00edsticos\n            <\/span>\n        <\/h2>\n                    \n    <!-- Rooms -->\n    <div class=\"rooms mt110\">\n        <div class=\"row room-list\">\n            \n                    <!-- Room -->\n                                        <div class=\"col-sm-4 \">\n                                                <div class=\"room-thumb\">\n                            <img loading=\"lazy\" decoding=\"async\" width=\"750\" height=\"481\" src=\"https:\/\/apartamentos-casasturga.com\/wp-content\/uploads\/2016\/11\/apartamento-1-con-estufa-04.jpg\" class=\"img-responsive wp-post-image\" alt=\"\" srcset=\"https:\/\/apartamentos-casasturga.com\/wp-content\/uploads\/2016\/11\/apartamento-1-con-estufa-04.jpg 750w, https:\/\/apartamentos-casasturga.com\/wp-content\/uploads\/2016\/11\/apartamento-1-con-estufa-04-300x192.jpg 300w\" sizes=\"(max-width: 750px) 100vw, 750px\" \/>                            <div class=\"mask\">\n                                <div class=\"main\">\n                                    <h5>Apartamento de un dormitorio *<\/h5>\n                                    <div class='price'> desde 95\u20ac<span>por noche<\/span><\/div>                                <\/div>\n                                <div class=\"content\">\n                                                                        <p><span>* CON ESTUFA DE LE\u00d1A. Amplio apartamento de un dormitorio.<\/span><\/p>\n\n                                    <div class=\"row\">\n                                        <div class=\"col-xs-6\">\n                                            <ul class=\"list-unstyled\">\n                                                <li><i class='fa fa-check-circle'><\/i> Terraza privada<\/li><li><i class='fa fa-check-circle'><\/i> Wifi gratuito<\/li><li><i class='fa fa-check-circle'><\/i> Ventilador de techo<\/li>                                            <\/ul>\n                                        <\/div>\n                                        <div class=\"col-xs-6\">\n                                            <ul class=\"list-unstyled\">\n                                                <li><i class='fa fa-check-circle'><\/i> Incluye toallas y ropa de cama<\/li><li><i class='fa fa-check-circle'><\/i> Habitaci\u00f3n con cama doble<\/li><li><i class='fa fa-check-circle'><\/i> Div\u00e1n en el sal\u00f3n<\/li>                                            <\/ul>\n                                        <\/div>\n                                    <\/div>\n                                    <a href=\"https:\/\/apartamentos-casasturga.com\/es\/room\/apartamento-1-con-estufa\/\" class=\"btn btn-primary btn-block\"> INFO <\/a>\n                                <\/div>\n                            <\/div>\n                        <\/div>\n                    <\/div>\n                \n                    <!-- Room -->\n                                        <div class=\"col-sm-4 \">\n                                                <div class=\"room-thumb\">\n                            <img loading=\"lazy\" decoding=\"async\" width=\"356\" height=\"228\" src=\"https:\/\/apartamentos-casasturga.com\/wp-content\/uploads\/2016\/11\/356x228-apartamento-2.jpg\" class=\"img-responsive wp-post-image\" alt=\"\" srcset=\"https:\/\/apartamentos-casasturga.com\/wp-content\/uploads\/2016\/11\/356x228-apartamento-2.jpg 356w, https:\/\/apartamentos-casasturga.com\/wp-content\/uploads\/2016\/11\/356x228-apartamento-2-300x192.jpg 300w\" sizes=\"(max-width: 356px) 100vw, 356px\" \/>                            <div class=\"mask\">\n                                <div class=\"main\">\n                                    <h5>Apartamento 2 dormitorios<\/h5>\n                                    <div class='price'> desde 120\u20ac<span>por noche<\/span><\/div>                                <\/div>\n                                <div class=\"content\">\n                                                                        <p><span>Luminoso apartamento de dos dormitorios<\/span><\/p>\n\n                                    <div class=\"row\">\n                                        <div class=\"col-xs-6\">\n                                            <ul class=\"list-unstyled\">\n                                                <li><i class='fa fa-check-circle'><\/i> Terraza privada<\/li><li><i class='fa fa-check-circle'><\/i> Wifi gratuito<\/li><li><i class='fa fa-check-circle'><\/i> Aire acondicionado<\/li>                                            <\/ul>\n                                        <\/div>\n                                        <div class=\"col-xs-6\">\n                                            <ul class=\"list-unstyled\">\n                                                <li><i class='fa fa-check-circle'><\/i> Incluye toallas y ropa de cama<\/li><li><i class='fa fa-check-circle'><\/i> Habitaci\u00f3n con cama doble<\/li><li><i class='fa fa-check-circle'><\/i> Habitaci\u00f3n con dos camas<\/li>                                            <\/ul>\n                                        <\/div>\n                                    <\/div>\n                                    <a href=\"https:\/\/apartamentos-casasturga.com\/es\/room\/apartamento-2\/\" class=\"btn btn-primary btn-block\"> INFO <\/a>\n                                <\/div>\n                            <\/div>\n                        <\/div>\n                    <\/div>\n                \n                    <!-- Room -->\n                                        <div class=\"col-sm-4 \">\n                                                <div class=\"room-thumb\">\n                            <img loading=\"lazy\" decoding=\"async\" width=\"5667\" height=\"3778\" src=\"https:\/\/apartamentos-casasturga.com\/wp-content\/uploads\/V0A5032-HDR.jpg\" class=\"img-responsive wp-post-image\" alt=\"\" srcset=\"https:\/\/apartamentos-casasturga.com\/wp-content\/uploads\/V0A5032-HDR.jpg 5667w, https:\/\/apartamentos-casasturga.com\/wp-content\/uploads\/V0A5032-HDR-300x200.jpg 300w, https:\/\/apartamentos-casasturga.com\/wp-content\/uploads\/V0A5032-HDR-768x512.jpg 768w, https:\/\/apartamentos-casasturga.com\/wp-content\/uploads\/V0A5032-HDR-1024x683.jpg 1024w\" sizes=\"(max-width: 5667px) 100vw, 5667px\" \/>                            <div class=\"mask\">\n                                <div class=\"main\">\n                                    <h5>Loft<\/h5>\n                                    <div class='price'> desde 95\u20ac<span>por noche<\/span><\/div>                                <\/div>\n                                <div class=\"content\">\n                                                                        <p><span>Confortable loft en plena naturaleza<\/span><\/p>\n\n                                    <div class=\"row\">\n                                        <div class=\"col-xs-6\">\n                                            <ul class=\"list-unstyled\">\n                                                <li><i class='fa fa-check-circle'><\/i> Terraza privada<\/li><li><i class='fa fa-check-circle'><\/i> Wifi gratuito<\/li><li><i class='fa fa-check-circle'><\/i> Ventilador de techo<\/li>                                            <\/ul>\n                                        <\/div>\n                                        <div class=\"col-xs-6\">\n                                            <ul class=\"list-unstyled\">\n                                                <li><i class='fa fa-check-circle'><\/i> Incluye toallas y ropa de cama<\/li><li><i class='fa fa-check-circle'><\/i> Cama doble<\/li><li><i class='fa fa-check-circle'><\/i> Cocina<\/li>                                            <\/ul>\n                                        <\/div>\n                                    <\/div>\n                                    <a href=\"https:\/\/apartamentos-casasturga.com\/es\/room\/loft\/\" class=\"btn btn-primary btn-block\"> INFO <\/a>\n                                <\/div>\n                            <\/div>\n                        <\/div>\n                    <\/div>\n                \n                    <!-- Room -->\n                                        <div class=\"col-sm-4 \">\n                                                <div class=\"room-thumb\">\n                            <img loading=\"lazy\" decoding=\"async\" width=\"356\" height=\"228\" src=\"https:\/\/apartamentos-casasturga.com\/wp-content\/uploads\/2015\/03\/356x228-apartamento-superior.jpg\" class=\"img-responsive wp-post-image\" alt=\"\" srcset=\"https:\/\/apartamentos-casasturga.com\/wp-content\/uploads\/2015\/03\/356x228-apartamento-superior.jpg 356w, https:\/\/apartamentos-casasturga.com\/wp-content\/uploads\/2015\/03\/356x228-apartamento-superior-300x192.jpg 300w\" sizes=\"(max-width: 356px) 100vw, 356px\" \/>                            <div class=\"mask\">\n                                <div class=\"main\">\n                                    <h5>Apartamento superior<\/h5>\n                                    <div class='price'> desde 125\u20ac<span>por noche<\/span><\/div>                                <\/div>\n                                <div class=\"content\">\n                                                                        <p><span>Amplio apartamento con dos ba\u00f1os<\/span><\/p>\n\n                                    <div class=\"row\">\n                                        <div class=\"col-xs-6\">\n                                            <ul class=\"list-unstyled\">\n                                                <li><i class='fa fa-check-circle'><\/i> Terraza privada<\/li><li><i class='fa fa-check-circle'><\/i> Wifi gratuito<\/li><li><i class='fa fa-check-circle'><\/i> Ventilador de techo<\/li>                                            <\/ul>\n                                        <\/div>\n                                        <div class=\"col-xs-6\">\n                                            <ul class=\"list-unstyled\">\n                                                <li><i class='fa fa-check-circle'><\/i> Incluye toallas y ropa de cama<\/li><li><i class='fa fa-check-circle'><\/i> Habitaci\u00f3n con cama doble<\/li><li><i class='fa fa-check-circle'><\/i> Habitaci\u00f3n con dos camas<\/li>                                            <\/ul>\n                                        <\/div>\n                                    <\/div>\n                                    <a href=\"https:\/\/apartamentos-casasturga.com\/es\/room\/apartamento-superior\/\" class=\"btn btn-primary btn-block\"> INFO <\/a>\n                                <\/div>\n                            <\/div>\n                        <\/div>\n                    <\/div>\n                \n                    <!-- Room -->\n                                        <div class=\"col-sm-4 \">\n                                                <div class=\"room-thumb\">\n                            <img loading=\"lazy\" decoding=\"async\" width=\"356\" height=\"228\" src=\"https:\/\/apartamentos-casasturga.com\/wp-content\/uploads\/2015\/03\/356x228-apartamento1.jpg\" class=\"img-responsive wp-post-image\" alt=\"\" srcset=\"https:\/\/apartamentos-casasturga.com\/wp-content\/uploads\/2015\/03\/356x228-apartamento1.jpg 356w, https:\/\/apartamentos-casasturga.com\/wp-content\/uploads\/2015\/03\/356x228-apartamento1-300x192.jpg 300w\" sizes=\"(max-width: 356px) 100vw, 356px\" \/>                            <div class=\"mask\">\n                                <div class=\"main\">\n                                    <h5>Apartamento de un dormitorio<\/h5>\n                                    <div class='price'> desde 95\u20ac<span>por noche<\/span><\/div>                                <\/div>\n                                <div class=\"content\">\n                                                                        <p><span>Amplio apartamento de un dormitorio<\/span><\/p>\n\n                                    <div class=\"row\">\n                                        <div class=\"col-xs-6\">\n                                            <ul class=\"list-unstyled\">\n                                                <li><i class='fa fa-check-circle'><\/i> Terraza privada<\/li><li><i class='fa fa-check-circle'><\/i> Wifi gratuito<\/li><li><i class='fa fa-check-circle'><\/i> Ventilador de techo<\/li>                                            <\/ul>\n                                        <\/div>\n                                        <div class=\"col-xs-6\">\n                                            <ul class=\"list-unstyled\">\n                                                <li><i class='fa fa-check-circle'><\/i> Incluye toallas y ropa de cama<\/li><li><i class='fa fa-check-circle'><\/i> Habitaci\u00f3n con cama doble<\/li><li><i class='fa fa-check-circle'><\/i> Div\u00e1n en el sal\u00f3n<\/li>                                            <\/ul>\n                                        <\/div>\n                                    <\/div>\n                                    <a href=\"https:\/\/apartamentos-casasturga.com\/es\/room\/apartamento-1\/\" class=\"btn btn-primary btn-block\"> INFO <\/a>\n                                <\/div>\n                            <\/div>\n                        <\/div>\n                    <\/div>\n                                                    \n        <\/div>\n    <\/div>\n    [\/vc_column][\/vc_row][vc_row css=&#8221;.vc_custom_1464780117347{margin-top: 50px !important;}&#8221;][vc_column]\n        <h2 class=\"lined-heading mt50\">\n            <span>\n            Caracter\u00edsticas de los apartamentos\n            <\/span>\n        <\/h2>\n        [vc_row_inner][vc_column_inner width=&#8221;1\/3&#8243;]\n    <div class=\"usp\">\n        <div class=\"box-icon\">\n                <div class=\"circle\"><i class=\"fa fa fa-tree fa-lg\"><\/i><\/div>\n                <h3>Exterior<\/h3>\n                <p>Jard\u00edn, Piscina Exterior, Zona de Aparcamiento, Muebles de Jard\u00edn, Barbacoa, garganta natural.<\/p>\n        <\/div>\n    <\/div>\n    [\/vc_column_inner][vc_column_inner width=&#8221;1\/3&#8243;]\n    <div class=\"usp\">\n        <div class=\"box-icon\">\n                <div class=\"circle\"><i class=\"fa fa fa-home fa-lg\"><\/i><\/div>\n                <h3>Interior<\/h3>\n                <p>Ba\u00f1o en Habitaci\u00f3n, Televisi\u00f3n, Comedor, Calefacci\u00f3n, Sala de estar, Terraza, Microondas, Vitrocer\u00e1mica, Aire Acondicionado o Ventilador de techo, Cocina.<\/p>\n        <\/div>\n    <\/div>\n    [\/vc_column_inner][vc_column_inner width=&#8221;1\/3&#8243;]\n    <div class=\"usp\">\n        <div class=\"box-icon\">\n                <div class=\"circle\"><i class=\"fa fa fa-check-square-o fa-lg\"><\/i><\/div>\n                <h3>Servicios<\/h3>\n                <p>Juegos de mesa, Cuna para Beb\u00e9s, Acceso a Internet, Admiten animales, Le\u00f1a, Informaci\u00f3n sobre la zona, WiFi Gratis, Cuarto con lavadora.<\/p>\n        <\/div>\n    <\/div>\n    [\/vc_column_inner][\/vc_row_inner][\/vc_column][\/vc_row][vc_row full_width=&#8221;stretch_row_content_no_spaces&#8221; css=&#8221;.vc_custom_1464780134072{margin-top: 50px !important;}&#8221;][vc_column]\n<script type=\"text\/javascript\">jQuery(document).ready(function(){jQuery(\"#parallax-image\").parallax(\"50%\", -0.25);});<\/script>\n<div class=\"parallax-effect\">\n  <div id=\"parallax-image\" style=\"background-image: url();\">\n    <div class=\"color-overlay fadeIn appear\" data-start=\"600\">\n      <div class=\"container\">\n        <div class=\"content\">\n          <h3 class=\"text-center\">Casasturga<\/h3>\n          <p class=\"text-center\">Disfruta y desconecta en plena naturaleza\n          <br>\n          <a class=\"btn mt30 btn-lg btn-ghost\" href=\"https:\/\/apartamentos-casasturga.com\/localizacion-y-contacto\/\">Haz tu reserva<\/a>\n          <\/p>\n        <\/div>\n      <\/div>\n    <\/div>\n  <\/div>\n<\/div>\n  [\/vc_column][\/vc_row][vc_row css=&#8221;.vc_custom_1464780153190{margin-top: 50px !important;}&#8221;][vc_column]\n        <h2 class=\"lined-heading mt50\">\n            <span>\n            Tranquilidad y naturaleza a tu alcance\n            <\/span>\n        <\/h2>\n        [\/vc_column][\/vc_row][vc_row full_width=&#8221;stretch_row_content_no_spaces&#8221;][vc_column]<div class=\"carousel\">\n    <div id=\"owl-gallery\" class=\"owl-carousel\">\n       <div class=\"item mfp_open\"><a href=\"https:\/\/apartamentos-casasturga.com\/wp-content\/uploads\/2015\/03\/800x504-casasturga-home-5.jpg\"><img decoding=\"async\" src=\"https:\/\/apartamentos-casasturga.com\/wp-content\/uploads\/2015\/03\/800x504-casasturga-home-5.jpg\"\/><i class=\"fa fa-search\"><\/i><\/a><\/div>    <div class=\"item mfp_open\"><a href=\"https:\/\/apartamentos-casasturga.com\/wp-content\/uploads\/2015\/03\/800x504-casasturga-home-3.jpg\"><img decoding=\"async\" src=\"https:\/\/apartamentos-casasturga.com\/wp-content\/uploads\/2015\/03\/800x504-casasturga-home-3.jpg\"\/><i class=\"fa fa-search\"><\/i><\/a><\/div>    <div class=\"item mfp_open\"><a href=\"https:\/\/apartamentos-casasturga.com\/wp-content\/uploads\/2015\/03\/800x504-casasturga-home-2.jpg\"><img decoding=\"async\" src=\"https:\/\/apartamentos-casasturga.com\/wp-content\/uploads\/2015\/03\/800x504-casasturga-home-2.jpg\"\/><i class=\"fa fa-search\"><\/i><\/a><\/div>    <div class=\"item mfp_open\"><a href=\"https:\/\/apartamentos-casasturga.com\/wp-content\/uploads\/2015\/03\/800x504-casasturga-home-1.jpg\"><img decoding=\"async\" src=\"https:\/\/apartamentos-casasturga.com\/wp-content\/uploads\/2015\/03\/800x504-casasturga-home-1.jpg\"\/><i class=\"fa fa-search\"><\/i><\/a><\/div>    <div class=\"item mfp_open\"><a href=\"https:\/\/apartamentos-casasturga.com\/wp-content\/uploads\/2015\/03\/800x504-casasturga-home-6.jpg\"><img decoding=\"async\" src=\"https:\/\/apartamentos-casasturga.com\/wp-content\/uploads\/2015\/03\/800x504-casasturga-home-6.jpg\"\/><i class=\"fa fa-search\"><\/i><\/a><\/div>     <\/div>\n<\/div>\n[\/vc_column][\/vc_row][vc_row css=&#8221;.vc_custom_1464780159970{margin-top: 25px !important;}&#8221;][vc_column offset=&#8221;vc_col-lg-6 vc_col-md-12&#8243;]\n        <h2 class=\"lined-heading mt50\">\n            <span>\n            Testimonios de clientes\n            <\/span>\n        <\/h2>\n        \n\n    <div class=\"testimonials\">\n        <div id=\"owl-reviews\" class=\"owl-carousel\">\n          <div class=\"item\">\n            <div class=\"row\">\n                            <div class=\"col-lg-12 col-md-12 col-sm-12 col-xs-12\">                <div class=\"text-balloon\">Lugar privilegiado en la comarca de la Vera<span>Situado en plena naturaleza con magn\u00edficas vistas. Apartamento muy acogedor, grande y muy bien decorado. Relax absoluto a la hora de dormir no se escucha ni un ruido con un magn\u00edfico paisaje a la hora de despertar. Recomendable al cien por cien.<\/span> <\/div>\n              <\/div>\n            <\/div>\n            <div class=\"row\">\n                            <div class=\"col-lg-12 col-md-12 col-sm-12 col-xs-12\">                <div class=\"text-balloon\">Estupendo fin de semana en La Vera<span>Hemos acertado totalmente al elegir estos apartamentos. El sitio es precioso y est\u00e1 cerca de las gargantas m\u00e1s bonitas de La Vera. Son apartamentos muy bonitos, limpios y bien equipados. El jard\u00edn con la piscina es un acierto para disfrutar cuando vuelves de hacer alguna ruta. Los recomiendo.<\/span> <\/div>\n              <\/div>\n            <\/div>\n          <\/div>\n          <div class=\"item\">\n            <div class=\"row\">\n                            <div class=\"col-lg-12 col-md-12 col-sm-12 col-xs-12\">                <div class=\"text-balloon\">Muy bien<span>El entorno de la casa es precioso, est\u00e1s pr\u00e1cticamente en medio del campo. Al lado pasa un r\u00edo. Se respira tranquilidad.<\/span> <\/div>\n              <\/div>\n            <\/div>\n            <div class=\"row\">\n                            <div class=\"col-lg-12 col-md-12 col-sm-12 col-xs-12\">                <div class=\"text-balloon\">Los due\u00f1os muy agradables.<span>Son varios apartamentos uno detr\u00e1s de otro. El nuestro ten\u00eda un sal\u00f3n bastante grande, cocina y habitaci\u00f3n. Todo estaba muy limpio.<\/span> <\/div>\n              <\/div>\n            <\/div>\n          <\/div>\n     \n        <\/div>\n    <\/div>\n    [\/vc_column][vc_column offset=&#8221;vc_col-lg-6 vc_col-md-12&#8243;]\n        <h2 class=\"lined-heading mt50\">\n            <span>\n            Casasturga\n            <\/span>\n        <\/h2>\n        [vc_tabs interval=&#8221;0&#8243;][vc_tab title=&#8221;Los apartamentos&#8221; tab_id=&#8221;1426451739947-6&#8243;][vc_column_text]Nuestros <strong>apartamentos rurales en Cuacos de Yuste<\/strong>, est\u00e1n situados en la comarca de La Vera, aunque el pueblo m\u00e1s cercano es Collado de la Vera. Ofrecemos varias <strong>casas rurales con encanto<\/strong>\u00a0para que los hu\u00e9spedes consigan desconectar al completo. Nuestro <strong>alojamiento en Cuacos de Yuste<\/strong>\u00a0se encuentran en una amplia finca, que hace las delicias de todo el que pasa por aqu\u00ed con una amplia oferta de turismo rural.[\/vc_column_text][\/vc_tab][vc_tab title=&#8221;Sobre la finca&#8221; tab_id=&#8221;1426451740153-2&#8243;][vc_column_text]La finca donde est\u00e1n situados los <strong>apartamentos<\/strong>\u00a0<strong>en Cuacos de Yuste<\/strong> es muy extensa, tiene 15.000 metros cuadrados<strong>.<\/strong>\u00a0Hay mucho espacio para pasear y disfrutar de la naturaleza y, realizar todo tipo de actividades como senderismo y, observaci\u00f3n de las aves, siendo una de las mejores rutas de senderismo en Extremadura. Nuestra finca no es una finca cualquiera sino que es un precioso robledal, muy frondoso, que crea un enclave maravilloso para unas vacaciones en plena naturaleza.[\/vc_column_text][\/vc_tab][vc_tab title=&#8221;Zonas comunes&#8221; tab_id=&#8221;1426451835576-2-5&#8243;][vc_column_text]\n<ul>\n<li>La <strong>piscina<\/strong> es un punto clave de nuestro <strong>alojamiento rural en Cuacos de Yuste,<\/strong>\u00a0ya que es un recinto muy bonito y c\u00f3modo. Est\u00e1 en una zona de c\u00e9sped muy grande, todo rodeado por \u00e1rboles y con sombrillas en plena naturaleza. Por eso, puedes elegir entre tumbarte a la sombra o tomar un poco el sol en las tumbonas.<\/li>\n<li>Una <strong>barbacoa<\/strong>, donde los hu\u00e9spedes podr\u00e1n pasar una encantadora velada alrededor del fuego, en los meses que est\u00e1 permitido utilizarla.<\/li>\n<\/ul>\n[\/vc_column_text][\/vc_tab][\/vc_tabs][\/vc_column][\/vc_row][vc_row][vc_column][\/vc_column][\/vc_row]\n<\/div>","protected":false},"excerpt":{"rendered":"<p>[vc_row css=&#8221;.vc_custom_1464780107818{margin-top: 50px !important;}&#8221;][vc_column][vc_btn title=&#8221;Haz tu reserva&#8221; color=&#8221;primary&#8221; size=&#8221;lg&#8221; align=&#8221;center&#8221; i_icon_fontawesome=&#8221;&#8221; css_animation=&#8221;slideInLeft&#8221; css=&#8221;&#8221; button_block=&#8221;true&#8221; add_icon=&#8221;true&#8221; link=&#8221;url:https%3A%2F%2Fapartamentos-casasturga.com%2Fes%2Freserva-apartamentos-casasturga%2F&#8221;][\/vc_column][\/vc_row][vc_row css=&#8221;.vc_custom_1464780117347{margin-top: 50px !important;}&#8221;][vc_column][vc_row_inner][vc_column_inner width=&#8221;1\/3&#8243;][\/vc_column_inner][vc_column_inner width=&#8221;1\/3&#8243;][\/vc_column_inner][vc_column_inner width=&#8221;1\/3&#8243;][\/vc_column_inner][\/vc_row_inner][\/vc_column][\/vc_row][vc_row full_width=&#8221;stretch_row_content_no_spaces&#8221; css=&#8221;.vc_custom_1464780134072{margin-top: 50px !important;}&#8221;][vc_column][\/vc_column][\/vc_row][vc_row css=&#8221;.vc_custom_1464780153190{margin-top: 50px !important;}&#8221;][vc_column][\/vc_column][\/vc_row][vc_row full_width=&#8221;stretch_row_content_no_spaces&#8221;][vc_column][\/vc_column][\/vc_row][vc_row css=&#8221;.vc_custom_1464780159970{margin-top: 25px !important;}&#8221;][vc_column offset=&#8221;vc_col-lg-6 vc_col-md-12&#8243;][\/vc_column][vc_column offset=&#8221;vc_col-lg-6 vc_col-md-12&#8243;][vc_tabs interval=&#8221;0&#8243;][vc_tab title=&#8221;Los apartamentos&#8221; tab_id=&#8221;1426451739947-6&#8243;][vc_column_text]Nuestros apartamentos rurales en Cuacos de Yuste, est\u00e1n situados en la comarca de La Vera, [&hellip;]<\/p>\n","protected":false},"author":1,"featured_media":0,"parent":0,"menu_order":0,"comment_status":"closed","ping_status":"open","template":"_page-slider-reservation.php","meta":{"_monsterinsights_skip_tracking":false,"_monsterinsights_sitenote_active":false,"_monsterinsights_sitenote_note":"","_monsterinsights_sitenote_category":0,"footnotes":""},"class_list":["post-8","page","type-page","status-publish","hentry"],"_links":{"self":[{"href":"https:\/\/apartamentos-casasturga.com\/es\/wp-json\/wp\/v2\/pages\/8"}],"collection":[{"href":"https:\/\/apartamentos-casasturga.com\/es\/wp-json\/wp\/v2\/pages"}],"about":[{"href":"https:\/\/apartamentos-casasturga.com\/es\/wp-json\/wp\/v2\/types\/page"}],"author":[{"embeddable":true,"href":"https:\/\/apartamentos-casasturga.com\/es\/wp-json\/wp\/v2\/users\/1"}],"replies":[{"embeddable":true,"href":"https:\/\/apartamentos-casasturga.com\/es\/wp-json\/wp\/v2\/comments?post=8"}],"version-history":[{"count":9,"href":"https:\/\/apartamentos-casasturga.com\/es\/wp-json\/wp\/v2\/pages\/8\/revisions"}],"predecessor-version":[{"id":843,"href":"https:\/\/apartamentos-casasturga.com\/es\/wp-json\/wp\/v2\/pages\/8\/revisions\/843"}],"wp:attachment":[{"href":"https:\/\/apartamentos-casasturga.com\/es\/wp-json\/wp\/v2\/media?parent=8"}],"curies":[{"name":"wp","href":"https:\/\/api.w.org\/{rel}","templated":true}]}}