{"id":362,"date":"2016-11-02T08:12:37","date_gmt":"2016-11-02T08:12:37","guid":{"rendered":"http:\/\/open-ideas.versionesbeta.com\/casasturga\/?page_id=362"},"modified":"2024-04-30T10:50:53","modified_gmt":"2024-04-30T08:50:53","slug":"los-apartamentos","status":"publish","type":"page","link":"https:\/\/apartamentos-casasturga.com\/es\/los-apartamentos\/","title":{"rendered":"Los apartamentos en Cuacos de Yuste"},"content":{"rendered":"<div class=\"wpb-content-wrapper\">[vc_row][vc_column][vc_gallery type=\u00bbimage_grid\u00bb images=\u00bb417,416,415,413&#8243;][\/vc_column][vc_column][vc_cta h2=\u00bbApartamentos Casasturga\u00bb h4=\u00bbEl lugar ideal para disfrutar de sus vacaciones\u00bb] Apartamentos Casasturga es el lugar ideal para disfrutar de sus vacaciones. Los apartamentos tienen todo lo necesario para pasar unos d\u00edas de descanso con el m\u00e1ximo confort y en un enclave \u00fanico. Estamos situados en un paraje natural, rodeados por la garganta Pedro Chate, donde en temporada, se pueden dar un reconfortante ba\u00f1o en el charco natural de Las Pilas. Tambi\u00e9n pueden observar gran cantidad de especies de aves o practicar senderismo. [\/vc_cta][\/vc_column][vc_column][vc_tta_accordion][vc_tta_section title=\u00bbINTERIOR\u00bb tab_id=\u00bb1478075771700-10840fd7-0849&#8243;][vc_column_text]\n<p>Disfruta de una estancia inolvidable en nuestros\u00a0<strong>apartamentos tur\u00edsticos en C\u00e1ceres<\/strong>\u00a0situados en la Mancomunidad de la Vera. En Casasturga, disponemos de cinco <strong>apartamentos en Cuacos de Yuste<\/strong> completamente equipados, con cocina y terraza propia. Para asegurar su comodidad, las estancias son muy amplias. Los apartamentos tienen diferentes capacidades, seg\u00fan sus necesidades. Hay dos apartamentos de dos dormitorios (uno con capacidad para cinco personas y otro para cuatro personas), dos de un dormitorio (tres personas, una en cama supletoria) y un loft (tres personas, una en cama supletoria). Prestaciones de nuestros<strong> apartamentos en Cuacos de Yuste<\/strong>:<\/p>\n<ul>\n<li>Habitaciones grandes.<\/li>\n<li>Cunas disponibles bajo petici\u00f3n.<\/li>\n<li>Cocina completamente equipada: placa, frigor\u00edfico, microondas, tostadora, cafetera, menaje.<\/li>\n<li>Amplio sal\u00f3n.<\/li>\n<li>Televisi\u00f3n.<\/li>\n<li>Terraza propia.<\/li>\n<li>Acceso a internet gratuito.<\/li>\n<\/ul>\n<p>Si buscas <strong>alojamientos baratos en Cuacos de Yuste<\/strong> al mejor precio, garant\u00eda y comodidad, Casasturga te ofrece la mejor opci\u00f3n para disfrutar de tu estancia en Cuacos de Yuste. T\u00fa solo tienes que dedicarte a hacer <strong>turismo por la comarca de la Vera<\/strong> \u00a0y relajarte. El resto d\u00e9jalo en nuestras manos.<\/p>\n[\/vc_column_text][\/vc_tta_section][vc_tta_section title=\u00bbEXTERIOR\u00bb tab_id=\u00bb1478075771759-3aa00a4e-4cb4&#8243;][vc_column_text] Nuestros <strong>apartamentos de Cuacos de Yuste<\/strong> est\u00e1n situados en una finca de 13.000 metros cuadrados, rodeada por la garganta, en un bosque de robles, con piscina y barbacoa. A 200 metros se encuentra la <strong>piscina natural<\/strong> de Las Pilas, donde se ubica uno de los restaurantes de Cuacos de Yuste\u00a0que abre a diario en \u00e9poca de verano. Hay una salida directa al charco natural de Las Brujas, una piscina natural donde tambi\u00e9n podr\u00e1n darse un buen chapuz\u00f3n. En los alrededores podr\u00e1n disfrutar de un gran n\u00famero de actividades al aire libre, y de una rica gastronom\u00eda local. En definitiva, una amplia oferta de <strong>turismo en Cuacos de Yuste<\/strong>. [\/vc_column_text][\/vc_tta_section][\/vc_tta_accordion][\/vc_column][\/vc_row]\n<\/div>","protected":false},"excerpt":{"rendered":"<p>[vc_row][vc_column][vc_gallery type=\u00bbimage_grid\u00bb images=\u00bb417,416,415,413&#8243;][\/vc_column][vc_column][vc_cta h2=\u00bbApartamentos Casasturga\u00bb h4=\u00bbEl lugar ideal para disfrutar de sus vacaciones\u00bb] Apartamentos Casasturga es el lugar ideal para disfrutar de sus vacaciones. Los apartamentos tienen todo lo necesario para pasar unos d\u00edas de descanso con el m\u00e1ximo confort y en un enclave \u00fanico. Estamos situados en un paraje natural, rodeados por la garganta [&hellip;]<\/p>\n","protected":false},"author":1,"featured_media":0,"parent":0,"menu_order":0,"comment_status":"closed","ping_status":"closed","template":"","meta":{"_monsterinsights_skip_tracking":false,"_monsterinsights_sitenote_active":false,"_monsterinsights_sitenote_note":"","_monsterinsights_sitenote_category":0,"footnotes":""},"class_list":["post-362","page","type-page","status-publish","hentry"],"_links":{"self":[{"href":"https:\/\/apartamentos-casasturga.com\/es\/wp-json\/wp\/v2\/pages\/362"}],"collection":[{"href":"https:\/\/apartamentos-casasturga.com\/es\/wp-json\/wp\/v2\/pages"}],"about":[{"href":"https:\/\/apartamentos-casasturga.com\/es\/wp-json\/wp\/v2\/types\/page"}],"author":[{"embeddable":true,"href":"https:\/\/apartamentos-casasturga.com\/es\/wp-json\/wp\/v2\/users\/1"}],"replies":[{"embeddable":true,"href":"https:\/\/apartamentos-casasturga.com\/es\/wp-json\/wp\/v2\/comments?post=362"}],"version-history":[{"count":4,"href":"https:\/\/apartamentos-casasturga.com\/es\/wp-json\/wp\/v2\/pages\/362\/revisions"}],"predecessor-version":[{"id":670,"href":"https:\/\/apartamentos-casasturga.com\/es\/wp-json\/wp\/v2\/pages\/362\/revisions\/670"}],"wp:attachment":[{"href":"https:\/\/apartamentos-casasturga.com\/es\/wp-json\/wp\/v2\/media?parent=362"}],"curies":[{"name":"wp","href":"https:\/\/api.w.org\/{rel}","templated":true}]}}