{"id":347,"date":"2016-11-02T07:53:26","date_gmt":"2016-11-02T07:53:26","guid":{"rendered":"http:\/\/open-ideas.versionesbeta.com\/casasturga\/?page_id=347"},"modified":"2024-04-30T10:50:51","modified_gmt":"2024-04-30T08:50:51","slug":"entorno","status":"publish","type":"page","link":"https:\/\/apartamentos-casasturga.com\/es\/entorno\/","title":{"rendered":"Entorno"},"content":{"rendered":"<div class=\"wpb-content-wrapper\">[vc_row][vc_column]<div class=\"carousel\">\n    <div id=\"owl-gallery\" class=\"owl-carousel\">\n       <div class=\"item mfp_open\"><a href=\"https:\/\/apartamentos-casasturga.com\/wp-content\/uploads\/2016\/11\/entorno1.jpg\"><img decoding=\"async\" src=\"https:\/\/apartamentos-casasturga.com\/wp-content\/uploads\/2016\/11\/entorno1.jpg\"\/><i class=\"fa fa-search\"><\/i><\/a><\/div>    <div class=\"item mfp_open\"><a href=\"https:\/\/apartamentos-casasturga.com\/wp-content\/uploads\/2016\/11\/entorno2.jpg\"><img decoding=\"async\" src=\"https:\/\/apartamentos-casasturga.com\/wp-content\/uploads\/2016\/11\/entorno2.jpg\"\/><i class=\"fa fa-search\"><\/i><\/a><\/div>    <div class=\"item mfp_open\"><a href=\"https:\/\/apartamentos-casasturga.com\/wp-content\/uploads\/2016\/11\/entorno3.jpg\"><img decoding=\"async\" src=\"https:\/\/apartamentos-casasturga.com\/wp-content\/uploads\/2016\/11\/entorno3.jpg\"\/><i class=\"fa fa-search\"><\/i><\/a><\/div>    <div class=\"item mfp_open\"><a href=\"https:\/\/apartamentos-casasturga.com\/wp-content\/uploads\/2016\/11\/entorno4.jpg\"><img decoding=\"async\" src=\"https:\/\/apartamentos-casasturga.com\/wp-content\/uploads\/2016\/11\/entorno4.jpg\"\/><i class=\"fa fa-search\"><\/i><\/a><\/div>    <div class=\"item mfp_open\"><a href=\"https:\/\/apartamentos-casasturga.com\/wp-content\/uploads\/2016\/11\/Entorno5.jpg\"><img decoding=\"async\" src=\"https:\/\/apartamentos-casasturga.com\/wp-content\/uploads\/2016\/11\/Entorno5.jpg\"\/><i class=\"fa fa-search\"><\/i><\/a><\/div>    <div class=\"item mfp_open\"><a href=\"https:\/\/apartamentos-casasturga.com\/wp-content\/uploads\/2016\/11\/entorno6.jpg\"><img decoding=\"async\" src=\"https:\/\/apartamentos-casasturga.com\/wp-content\/uploads\/2016\/11\/entorno6.jpg\"\/><i class=\"fa fa-search\"><\/i><\/a><\/div>    <div class=\"item mfp_open\"><a href=\"https:\/\/apartamentos-casasturga.com\/wp-content\/uploads\/2016\/11\/entorno7.jpg\"><img decoding=\"async\" src=\"https:\/\/apartamentos-casasturga.com\/wp-content\/uploads\/2016\/11\/entorno7.jpg\"\/><i class=\"fa fa-search\"><\/i><\/a><\/div>    <div class=\"item mfp_open\"><a href=\"https:\/\/apartamentos-casasturga.com\/wp-content\/uploads\/2016\/11\/entorno8.jpg\"><img decoding=\"async\" src=\"https:\/\/apartamentos-casasturga.com\/wp-content\/uploads\/2016\/11\/entorno8.jpg\"\/><i class=\"fa fa-search\"><\/i><\/a><\/div>    <div class=\"item mfp_open\"><a href=\"https:\/\/apartamentos-casasturga.com\/wp-content\/uploads\/2016\/11\/entorno9.jpg\"><img decoding=\"async\" src=\"https:\/\/apartamentos-casasturga.com\/wp-content\/uploads\/2016\/11\/entorno9.jpg\"\/><i class=\"fa fa-search\"><\/i><\/a><\/div>    <div class=\"item mfp_open\"><a href=\"https:\/\/apartamentos-casasturga.com\/wp-content\/uploads\/2016\/11\/entorno10.jpg\"><img decoding=\"async\" src=\"https:\/\/apartamentos-casasturga.com\/wp-content\/uploads\/2016\/11\/entorno10.jpg\"\/><i class=\"fa fa-search\"><\/i><\/a><\/div>    <div class=\"item mfp_open\"><a href=\"https:\/\/apartamentos-casasturga.com\/wp-content\/uploads\/2016\/11\/entorno11.jpg\"><img decoding=\"async\" src=\"https:\/\/apartamentos-casasturga.com\/wp-content\/uploads\/2016\/11\/entorno11.jpg\"\/><i class=\"fa fa-search\"><\/i><\/a><\/div>    <div class=\"item mfp_open\"><a href=\"https:\/\/apartamentos-casasturga.com\/wp-content\/uploads\/2016\/11\/entorno12.jpg\"><img decoding=\"async\" src=\"https:\/\/apartamentos-casasturga.com\/wp-content\/uploads\/2016\/11\/entorno12.jpg\"\/><i class=\"fa fa-search\"><\/i><\/a><\/div>     <\/div>\n<\/div>\n[\/vc_column][\/vc_row][vc_row][vc_column][vc_column_text]\n<h3>RUTAS<\/h3>\n<p><strong>\u00bfQu\u00e9 ver en Cuacos de Yuste?<\/strong><\/p>\n<p><span style=\"font-weight: 400;\">Existen infinidad de <strong>rutas por la comarca de la Vera<\/strong>\u00a0bien sea rutas de senderismo o excursiones en veh\u00edculo. Todas se desarrollan a trav\u00e9s de gargantas, robledales, cerezos, monte bajo y dehesa. Aqu\u00ed tienes algunas\u00a0de las <strong>rutas por la comarca de la Vera<\/strong> m\u00e1s significativas:<img loading=\"lazy\" decoding=\"async\" class=\"alignright  wp-image-526\" src=\"https:\/\/apartamentos-casasturga.com\/wp-content\/uploads\/2016\/11\/ruta-carlos-v.jpg\" alt=\"Ruta Carlos V\" width=\"608\" height=\"456\" srcset=\"https:\/\/apartamentos-casasturga.com\/wp-content\/uploads\/2016\/11\/ruta-carlos-v.jpg 900w, https:\/\/apartamentos-casasturga.com\/wp-content\/uploads\/2016\/11\/ruta-carlos-v-300x225.jpg 300w, https:\/\/apartamentos-casasturga.com\/wp-content\/uploads\/2016\/11\/ruta-carlos-v-768x576.jpg 768w\" sizes=\"(max-width: 608px) 100vw, 608px\" \/><\/span><\/p>\n<ul>\n<li><span style=\"font-weight: 400;\">Ruta de Carlos V. Jarandilla de la Vera<\/span><\/li>\n<li><span style=\"font-weight: 400;\">Ruta de las dos juntas. Collado de la Vera<\/span><\/li>\n<li><span style=\"font-weight: 400;\">Ruta antiguo camino a Yuste. Garganta la Olla<\/span><\/li>\n<li><span style=\"font-weight: 400;\">Ruta colada de los majadales. Garg\u00fcera<\/span><\/li>\n<li><span style=\"font-weight: 400;\">Ruta chorrera de la mora. Aldeanueva de la Vera<\/span><\/li>\n<li><span style=\"font-weight: 400;\">Ruta de cuaternos. Viandar de la Vera<\/span><\/li>\n<li><span style=\"font-weight: 400;\">Ruta de la desesper\u00e1. Arroyomolinos de la Vera.<\/span><\/li>\n<li><span style=\"font-weight: 400;\">Ruta de los Boo. Pasar\u00f3n de la Vera<\/span><\/li>\n<li><span style=\"font-weight: 400;\">Ruta de las fuentes. Robledillo de la Vera.<\/span><\/li>\n<li><span style=\"font-weight: 400;\">Ruta de Yuste. Cuacos de Yuste.<\/span><\/li>\n<li><span style=\"font-weight: 400;\">Ruta de los puentes. Jarandilla de la Vera<\/span><\/li>\n<li><span style=\"font-weight: 400;\">Ruta del lago. Jara\u00edz de la Vera<\/span><\/li>\n<\/ul>\n<p>Enlace: <a href=\"http:\/\/www.comarcadelavera.com\/visitanos\/naturaleza-activa\/rutas\">http:\/\/www.comarcadelavera.com\/visitanos\/naturaleza-activa\/rutas<\/a><\/p>\n<h3>TURISMO RURAL EN C\u00c1CERES<\/h3>\n<p>Apartamentos Casasturga se encuentra a tan s\u00f3lo 7 km del casco hist\u00f3rico de Cuacos de Yuste, declarado conjunto hist\u00f3rico-art\u00edstico y donde se encuentra el <strong>Monasterio de Yuste<\/strong>. En Cuacos podr\u00e1 disfrutar de una buena cena o un agradable paseo por el casco hist\u00f3rico. La localidad m\u00e1s cercana a Casasturga es Collado de la Vera, peque\u00f1o pueblo conocido por tener su iglesia el privilegio de contar con un Jubileo anual.<\/p>\n<p>Algunos de los lugares de inter\u00e9s en la comarca son:<\/p>\n<ul>\n<li><strong><a href=\"http:\/\/es.wikipedia.org\/wiki\/Monasterio_de_Yuste\">Monasterio de \u00a0Cuacos de Yuste<\/a><\/strong>: <span style=\"font-weight: 400;\">Monasterio y casa palacio donde se aloj\u00f3 y muri\u00f3 Carlos V. Muy cerca de la localidad de Cuacos de Yuste. Pertenece a Patrimonio Nacional. El monasterio se encuentra habitado ahora por monjes pertenecientes a la orden de San Pablo Primer Eremita. Visita hist\u00f3rica muy interesante, con un edificio maravilloso situado en un paraje excepcional.<\/span><\/li>\n<li><strong><a href=\"http:\/\/es.wikipedia.org\/wiki\/Cementerio_Alem%C3%A1n_de_Cuacos_de_Yuste\">Cementerio de soldados alemanes<\/a><\/strong>: es un camposanto militar que se encuentra a la subida del monasterio de Yuste, entre \u00e9ste y Cuacos. En \u00e9l est\u00e1n enterrados muchos de los soldados, aviadores y marinos alemanes de la\u00a0<a href=\"https:\/\/es.wikipedia.org\/wiki\/Primera_Guerra_Mundial\"><span style=\"font-weight: 400;\">Primera Guerra Mundial<\/span><\/a><span style=\"font-weight: 400;\">\u00a0y\u00a0<\/span><a href=\"https:\/\/es.wikipedia.org\/wiki\/Segunda_Guerra_Mundial\"><span style=\"font-weight: 400;\">Segunda Guerra Mundial<\/span><\/a><span style=\"font-weight: 400;\">\u00a0que llegaron a las costas y tierras espa\u00f1olas debido a naufragios o al derribo de sus aviones.<\/span><\/li>\n<li><strong><a href=\"http:\/\/www.albadulake.com\/\">Espacio \u00danico<\/a><\/strong>: espacio cultural creado en plena naturaleza por la compa\u00f1\u00eda Entrearte Albadulake, donde nos pueden sorprender con jornadas, cursos y mucha, mucha, cultura.<\/li>\n<\/ul>\n<ul>\n<li>Cinco pueblos declarados conjunto hist\u00f3rico-art\u00edstico:\u00a0<span style=\"font-weight: 400;\"><strong>Cuacos de Yuste<\/strong>, Pasar\u00f3n de la Vera, Garganta la Olla, Valverde de la Vera y Villanueva de la Vera.<\/span><\/li>\n<li>47 gargantas naturales<\/li>\n<li>\n<p class=\"p1\">Las piscinas naturales en Cuacos de Yuste<\/p>\n<\/li>\n<li>Jubileo anual en Collado de la Vera<\/li>\n<\/ul>\n<p>&nbsp;<\/p>\n<h4><strong><strong>FIESTAS POPULARES<\/strong><\/strong><\/h4>\n<p><strong><span style=\"font-weight: 400;\">Entre todas ellas cabr\u00eda destacar las tres que han sido declaradas de inter\u00e9s tur\u00edstico: Los Empalaos, el Jueves Santo, en Valverde; el Peropalo, en el carnaval de Villanueva de la Vera y los Escobazos, el d\u00eda de la Inmaculada Concepci\u00f3n, en Jarandilla. Aunque tambi\u00e9n encontraremos fiestas de nuevo cu\u00f1o, sin tanta tradici\u00f3n pero con las mismas dosis de jolgorio, mucha alegr\u00eda y la hospitalidad reconocida de los veratos para aquellos que les van a visitar durante las fiestas de sus pueblos.<\/span><\/strong><\/p>\n<p><strong><span style=\"font-weight: 400;\">Aunque no son de inter\u00e9s tur\u00edstico, hay que destacar tambi\u00e9n a Jarramplas en Piornal, el Viva Viva en Aldeanueva de la Vera, la quema de Judas en Torremenga y la escenificaci\u00f3n de la Pasi\u00f3n del se\u00f1or en Pasar\u00f3n de la Vera.<\/span><\/strong><span style=\"font-weight: 400;\">En la Comarca de la Vera las celebraci\u00f3nes de fiestas van unidas casi en exclusiva a la exaltaci\u00f3n de ritos o conmemoraciones religiosas: la quema del Judas, procesiones, autos de fe, danzantes\u2026<\/span><\/p>\n<p>&nbsp;<\/p>\n<h4>LUGARES CERCANOS DE INTER\u00c9S<\/h4>\n<ul>\n<li>Ciudad de <a href=\"http:\/\/es.wikipedia.org\/wiki\/Plasencia\">Plasencia<\/a>, 32 km<\/li>\n<li>Ciudad de <a href=\"http:\/\/es.wikipedia.org\/wiki\/C%C3%A1ceres\">C\u00e1ceres<\/a>, Patrimonio de la Humanidad, 115 km.<\/li>\n<li><a href=\"http:\/\/es.wikipedia.org\/wiki\/Parque_nacional_de_Monfrag%C3%BCe\">Paque Nacional de Monfrag\u00fce,<\/a> 30 km<\/li>\n<li><a href=\"http:\/\/es.wikipedia.org\/wiki\/Trujillo_%28Espa%C3%B1a%29\">Trujillo<\/a>, 80 km.<\/li>\n<\/ul>\n[\/vc_column_text][\/vc_column][\/vc_row]\n<\/div>","protected":false},"excerpt":{"rendered":"<p>[vc_row][vc_column][\/vc_column][\/vc_row][vc_row][vc_column][vc_column_text] RUTAS \u00bfQu\u00e9 ver en Cuacos de Yuste? Existen infinidad de rutas por la comarca de la Vera\u00a0bien sea rutas de senderismo o excursiones en veh\u00edculo. Todas se desarrollan a trav\u00e9s de gargantas, robledales, cerezos, monte bajo y dehesa. Aqu\u00ed tienes algunas\u00a0de las rutas por la comarca de la Vera m\u00e1s significativas: Ruta de Carlos [&hellip;]<\/p>\n","protected":false},"author":1,"featured_media":0,"parent":0,"menu_order":0,"comment_status":"closed","ping_status":"closed","template":"","meta":{"_monsterinsights_skip_tracking":false,"_monsterinsights_sitenote_active":false,"_monsterinsights_sitenote_note":"","_monsterinsights_sitenote_category":0,"footnotes":""},"class_list":["post-347","page","type-page","status-publish","hentry"],"_links":{"self":[{"href":"https:\/\/apartamentos-casasturga.com\/es\/wp-json\/wp\/v2\/pages\/347"}],"collection":[{"href":"https:\/\/apartamentos-casasturga.com\/es\/wp-json\/wp\/v2\/pages"}],"about":[{"href":"https:\/\/apartamentos-casasturga.com\/es\/wp-json\/wp\/v2\/types\/page"}],"author":[{"embeddable":true,"href":"https:\/\/apartamentos-casasturga.com\/es\/wp-json\/wp\/v2\/users\/1"}],"replies":[{"embeddable":true,"href":"https:\/\/apartamentos-casasturga.com\/es\/wp-json\/wp\/v2\/comments?post=347"}],"version-history":[{"count":4,"href":"https:\/\/apartamentos-casasturga.com\/es\/wp-json\/wp\/v2\/pages\/347\/revisions"}],"predecessor-version":[{"id":577,"href":"https:\/\/apartamentos-casasturga.com\/es\/wp-json\/wp\/v2\/pages\/347\/revisions\/577"}],"wp:attachment":[{"href":"https:\/\/apartamentos-casasturga.com\/es\/wp-json\/wp\/v2\/media?parent=347"}],"curies":[{"name":"wp","href":"https:\/\/api.w.org\/{rel}","templated":true}]}}