{"id":322,"date":"2016-11-02T07:06:37","date_gmt":"2016-11-02T07:06:37","guid":{"rendered":"http:\/\/open-ideas.versionesbeta.com\/casasturga\/?page_id=322"},"modified":"2024-04-30T10:50:54","modified_gmt":"2024-04-30T08:50:54","slug":"observacion-de-aves","status":"publish","type":"page","link":"https:\/\/apartamentos-casasturga.com\/es\/observacion-de-aves\/","title":{"rendered":"Observaci\u00f3n de aves en C\u00e1ceres"},"content":{"rendered":"<div class=\"wpb-content-wrapper\">[vc_row][vc_column][vc_gallery type=\u00bbimage_grid\u00bb images=\u00bb398,400,401,402,403,404,405,735&#8243;][\/vc_column][\/vc_row][vc_row][vc_column][vc_column_text]\n<p style=\"text-align: justify;\">El magn\u00edfico patrimonio natural de Extremadura hace que esta Comunidad Aut\u00f3noma sea uno de los reductos europeos de naturaleza mejor conservada. En Apartamentos Casasturga queremos que esto contin\u00fae as\u00ed y aportamos nuestro granito de arena respetando todo lo que nos rodea, practicando ecoturismo de calidad. Nuestro alojamiento es familiar, con plazas limitadas y consciente de que tenemos que seguir conservando el maravilloso entorno en el que estamos. Podr\u00e1s deleitarte con la\u00a0<strong>observaci\u00f3n de aves en C\u00e1ceres: <\/strong>el 75 por ciento del territorio extreme\u00f1o est\u00e1 declarado por la Sociedad Espa\u00f1ola de Ornitolog\u00eda como \u00e1reas importantes de <strong>turismo ornitol\u00f3gico en Extremadura,\u00a0<\/strong>para las aves. Queremos que desde aqu\u00ed se disfrute con la\u00a0observaci\u00f3n de aves, siempre desde el respeto a las mismas. En nuestra finca se pueden observar aves como rapaces, mirlos, rabilargos, orop\u00e9ndolas, abuvillas, mart\u00edn pescador, garzas, arrendajos&#8230; &#8230;Pero puedes visitar otros lugares cercanos para la <strong>observaci\u00f3n de aves en otras poblaciones de C\u00e1ceres.<\/strong><\/p>\n<p style=\"text-align: justify;\">Y de obligada visita es realizar\u00a0<strong>turismo ornitol\u00f3gico en Monfrague, <\/strong>el parque natural por excelencia,<strong> \u00a0<\/strong>un lugar \u00fanico y ejemplar \u00a0para la <strong>observaci\u00f3n de\u00a0aves<\/strong> en su entorno natural en Extremadura.<\/p>\n[\/vc_column_text][\/vc_column][\/vc_row][vc_row][vc_column][vc_tta_accordion][vc_tta_section title=\u00bbPARQUE NACIONAL DE MONFRAG\u00dcE\u00bb tab_id=\u00bb1478070782354-61693fa2-cb61&#8243;][vc_column_text] El espacio natural m\u00e1s emblem\u00e1tico para la <strong>observaci\u00f3n de aves en C\u00e1ceres.<\/strong>\u00a0Podr\u00e1s encontrar las t\u00edpicas <strong>aves<\/strong> <b>rapaces extremadura<\/b>, \u00a0y\u00a0poblaciones de aves como buitre negro, buitre leonado, alimoche, \u00e1guila imperial ib\u00e9rica, \u00e1guila azor perdicera y cig\u00fce\u00f1a negra. Tambi\u00e9n hay peque\u00f1as y medianas aves forestales y rup\u00edcolas as\u00ed como relacionadas con el medio acu\u00e1tico.<\/p>\n<p class=\"p1\">\u00a0<\/p>\n[\/vc_column_text][\/vc_tta_section][vc_tta_section title=\u00bbPARQUE ORNITOL\u00d3GICO DE ARROCAMPO\u00bb tab_id=\u00bb1478070781509-235dc080-0d7a\u00bb][vc_column_text] El <strong>turismo ornitol\u00f3gico en Extremadura<\/strong>\u00a0abarca distintas poblaciones como es el caso \u00a0del t\u00e9rmino municipal de Saucedilla. Se pueden <a href=\"https:\/\/www.yumping.com\/ornitologia\">observar aves<\/a> palustres como calam\u00f3n, rasc\u00f3n, avetorillo, buscarla unicolor y garcilla cangrejera, avetoro y de pechiazul, de garza imperial, bigotudo y p\u00e1jaro mosc\u00f3n, cig\u00fce\u00f1a blanca, cormor\u00e1n y an\u00e1tidas como fochas, garceta grande y somormujo. [\/vc_column_text][\/vc_tta_section][vc_tta_section title=\u00bbZONA ZEPA R\u00cdO Y PINARES DEL TI\u00c9TAR\u00bb tab_id=\u00bb1478070779851-5b5462db-51a9&#8243;][vc_column_text]Podemos observar alimoche, cig\u00fce\u00f1a negra, garza, rapaces.[\/vc_column_text][\/vc_tta_section][vc_tta_section title=\u00bbRESERVA NATURAL GARGANTA DE LOS INFIERNOS\u00bb tab_id=\u00bb1478070778111-b4a05272-8734&#8243;][vc_column_text] En el Valle del Jerte puedes realizar\u00a0senderismo por la <strong>garganta de los infiernos,<\/strong> hacer la ruta cascada del caozo, la ruta de las nogaledas etc. Adem\u00e1s para la <strong>observaci\u00f3n de aves<\/strong> cuenta con un centro de interpretaci\u00f3n y diferentes rutas para visitarlo, es un espacio natural donde observar fauna como cabra mont\u00e9s, nutria o desm\u00e1n ib\u00e9rico y aves como el buitre leonado, \u00e1guila real, pechiazul, orop\u00e9ndola y cig\u00fce\u00f1a negra. [\/vc_column_text][\/vc_tta_section][vc_tta_section title=\u00bbCOMARCA DE LA VERA\u00bb tab_id=\u00bb1478070821441-b2dcec61-accf\u00bb][vc_column_text] \u00bfqu\u00e9 ver en la comarca de la Vera? La comarca de la Vera est\u00e1 llena de espacios verdes y gargantas naturales, esta comarca alberga aves como garzas, cig\u00fce\u00f1as blancas y negras, \u00e1nades, elanios, milanos alimoches, buitres, \u00e1guilas, gavilanes, cern\u00edcalos, b\u00fahos, c\u00e1rabos, andarr\u00edos&#8230;Un regalo para los amantes del <strong>birding en Extremadura<\/strong>. [\/vc_column_text][\/vc_tta_section][\/vc_tta_accordion][\/vc_column][\/vc_row][vc_row][vc_column][vc_message] <strong>M\u00e1s informaci\u00f3n en los siguientes links:<\/strong><\/p>\n<ul>\n<li><a href=\"http:\/\/www.seo.org\/\">SEO\/BirdLife<\/a><\/li>\n<li><a href=\"http:\/\/www.birdinginextremadura.com\/viajar\/shared\/documentacion\/publicaciones\/folleto-rutas-ornitologicas-es.pdf\">Folleto Rutas Ornitol\u00f3gicas de Extremadura<\/a><\/li>\n<li><a href=\"http:\/\/www.birdinginextremadura.com\/viajar\/shared\/documentacion\/publicaciones\/guia-rutas-ornitologicas-es.pdf\">Gu\u00eda de Rutas Ornitol\u00f3gicas de Extremadura<\/a><\/li>\n<li><a href=\"http:\/\/extremambiente.gobex.es\/index.php?option=com_content&amp;id=1285&amp;Itemid=459\">\u00c1reas Protegidas de Extremadura<\/a><\/li>\n<li><a href=\"http:\/\/web.dip-badajoz.es\/proyectos\/guadiana_internacional\/descargar.php?id=154009\">Gu\u00eda Birding de Badajoz<\/a><\/li>\n<\/ul>\n[\/vc_message][\/vc_column][\/vc_row][vc_row][vc_column][vc_text_separator title=\u00bbCOMPROMISO MEDIOAMBIENTAL\u00bb][\/vc_column][\/vc_row][vc_row][vc_column][vc_column_text] Casasturga, SL, apuesta por una oferta de turismo de naturaleza y especialmente <strong>turismo ornitol\u00f3gico<\/strong>, basada en un compromiso de responsabilidad social y ambiental. Entendemos el turismo de naturaleza como \u201caquel que satisface las necesidades de los turistas actuales y de las regiones de destino, al mismo tiempo que protege y garantiza la actividad de cara al futuro\u201d (OMT, definici\u00f3n de turismo sostenible).Nuestra propuesta intenta minimizar los impactos negativos del turismo sobre el medio natural y maximizar los positivos, aplicando para ello criterios globales de sostenibilidad en su planificaci\u00f3n y desarrollo. Valorizamos nuestro patrimonio natural y especialmente, el recurso vivo que suponen las aves como indicadores y como elementos motivadores. Implicamos a nuestros vecinos, colaboradores y proveedores en mejorar la atenci\u00f3n a ese turista de naturaleza. Y entendemos que solo ofertas ambientalmente responsables y sostenibles, con profesionales concienciados y bien formados, pueden evitar o reducir los impactos negativos y contribuir a la conservaci\u00f3n del medio natural, especialmente de las aves y sus h\u00e1bitats, y al desarrollo rural de nuestra tierra. <a href=\"http:\/\/www.seo.org\/wp-content\/uploads\/2013\/02\/codigo-etico-observador-aves_complet-web.pdf\">C\u00f3digo \u00e9tico de la observaci\u00f3n de aves<\/a> <em><strong>SEO\/Birdlife<\/strong><\/em> <a href=\"http:\/\/www.seo.org\/wp-content\/uploads\/2013\/10\/MBP_Turismo_Ornitologico.pdf\">Buenas pr\u00e1cticas ambientales en turismo ornitol\u00f3gico<\/a> <em><strong>SEO\/Birdlife<\/strong><\/em> [\/vc_column_text][\/vc_column][\/vc_row][vc_row][vc_column][vc_separator][vc_column_text] <small>\u00abLa informaci\u00f3n, queja y comentarios se remiten directamente a SEO\/BirdLife, promotor de la iniciativa <strong>\u00abIberaves, turismo ornitol\u00f3gico\u00bb<\/strong>, para que esta organizaci\u00f3n pueda tener informaci\u00f3n de primera mano sobre el cumplimiento de los compromisos adquiridos por los establecimientos, empresas o profesionales integrados en esta iniciativa. Este es el m\u00e9todo establecido de com\u00fan acuerdo entre SEO\/BirdLife y los establecimientos, empresas o profesionales integrados en la iniciativa para que el usuario pueda ejercer su derecho de queja o reclamaci\u00f3n y se pueda ofrecer un servicio de calidad en turismo ornitol\u00f3gico. Por tanto, SEO\/BirdLife solo atender\u00e1 aquellas quejas o reclamaciones directamente relacionadas con la pr\u00e1ctica del turismo ornitol\u00f3gico o birdwatching\u00bb <a href=\"http:\/\/www.seo.org\/to_contacto.php\" target=\"_blank\" rel=\"noopener\">FORMULARIO<\/a><\/small> [\/vc_column_text][\/vc_column][\/vc_row]\n<\/div>","protected":false},"excerpt":{"rendered":"<p>[vc_row][vc_column][vc_gallery type=\u00bbimage_grid\u00bb images=\u00bb398,400,401,402,403,404,405,735&#8243;][\/vc_column][\/vc_row][vc_row][vc_column][vc_column_text] El magn\u00edfico patrimonio natural de Extremadura hace que esta Comunidad Aut\u00f3noma sea uno de los reductos europeos de naturaleza mejor conservada. En Apartamentos Casasturga queremos que esto contin\u00fae as\u00ed y aportamos nuestro granito de arena respetando todo lo que nos rodea, practicando ecoturismo de calidad. Nuestro alojamiento es familiar, con plazas limitadas [&hellip;]<\/p>\n","protected":false},"author":1,"featured_media":0,"parent":0,"menu_order":0,"comment_status":"closed","ping_status":"closed","template":"","meta":{"_monsterinsights_skip_tracking":false,"_monsterinsights_sitenote_active":false,"_monsterinsights_sitenote_note":"","_monsterinsights_sitenote_category":0,"footnotes":""},"class_list":["post-322","page","type-page","status-publish","hentry"],"_links":{"self":[{"href":"https:\/\/apartamentos-casasturga.com\/es\/wp-json\/wp\/v2\/pages\/322"}],"collection":[{"href":"https:\/\/apartamentos-casasturga.com\/es\/wp-json\/wp\/v2\/pages"}],"about":[{"href":"https:\/\/apartamentos-casasturga.com\/es\/wp-json\/wp\/v2\/types\/page"}],"author":[{"embeddable":true,"href":"https:\/\/apartamentos-casasturga.com\/es\/wp-json\/wp\/v2\/users\/1"}],"replies":[{"embeddable":true,"href":"https:\/\/apartamentos-casasturga.com\/es\/wp-json\/wp\/v2\/comments?post=322"}],"version-history":[{"count":5,"href":"https:\/\/apartamentos-casasturga.com\/es\/wp-json\/wp\/v2\/pages\/322\/revisions"}],"predecessor-version":[{"id":738,"href":"https:\/\/apartamentos-casasturga.com\/es\/wp-json\/wp\/v2\/pages\/322\/revisions\/738"}],"wp:attachment":[{"href":"https:\/\/apartamentos-casasturga.com\/es\/wp-json\/wp\/v2\/media?parent=322"}],"curies":[{"name":"wp","href":"https:\/\/api.w.org\/{rel}","templated":true}]}}