{"id":249,"date":"2016-11-02T04:58:22","date_gmt":"2016-11-02T04:58:22","guid":{"rendered":"http:\/\/open-ideas.versionesbeta.com\/casasturga\/?page_id=249"},"modified":"2024-04-30T10:50:48","modified_gmt":"2024-04-30T08:50:48","slug":"aviso-legal","status":"publish","type":"page","link":"https:\/\/apartamentos-casasturga.com\/es\/aviso-legal\/","title":{"rendered":"Aviso legal"},"content":{"rendered":"<p>En cumplimiento del art\u00edculo 10 de la Ley 34\/2002, del 11 de julio, de servicios de la Sociedad de la Informaci\u00f3n y Comercio Electr\u00f3nico (LSSICE) se exponen a continuaci\u00f3n los datos identificativos de la empresa.<\/p>\n<ul>\n<li><strong>Denominaci\u00f3n social:<\/strong> CASASTURGA, SL<\/li>\n<li><strong>N\u00famero de identificaci\u00f3n fiscal:<\/strong> B10264331<\/li>\n<li><strong>Domicilio social:<\/strong> C\/ Mercado, 6, 2\u00baB. 10300 Navalmoral de la Mata (C\u00e1ceres)<\/li>\n<li><strong>Correo electr\u00f3nico:<\/strong> info@apartamentos-casasturga.es<\/li>\n<li><strong>Tel\u00e9fono:<\/strong> +34 629586598 y +34 194456<\/li>\n<li><strong>Datos de inscripci\u00f3n en el registro mercantil:<\/strong> CASASTURGA, sociedad limitada, constituida en Navalmoral de la Mata, en el a\u00f1o 2002, por Escritura P\u00fablica n\u00famero 1397, ante el notario Fernando Gom\u00e1 Lanz\u00f3n, del Ilustre Colegio de C\u00e1ceres. Inscrita en el Registro Mercantil de C\u00e1ceres en el tomo 569, libro 397, folio 69, secci\u00f3n 8, hoja CC-6371, inscripci\u00f3n 1\u00aa.<\/li>\n<\/ul>\n<p>Este sitio web ha sido creado por la empresa CASASTURGA SL con car\u00e1cter informativo y para uso personal de los usuarios. A trav\u00e9s de este Aviso legal, se pretende regular el acceso y uso de este sitio web, as\u00ed como la relaci\u00f3n entre el sitio web y sus usuarios. Accediendo a este sitio web se aceptan los siguientes t\u00e9rminos y condiciones: El acceso a este sitio web es responsabilidad exclusiva de los usuarios.<\/p>\n<p>El simple acceso a este sitio web no supone entablar ning\u00fan tipo de relaci\u00f3n comercial entre CASASTURGA, SL y el usuario.<\/p>\n<p>El acceso y la navegaci\u00f3n en este sitio web supone aceptar y conocer las advertencias legales, condiciones y t\u00e9rminos de uso contenidas en ella.<\/p>\n<p>El titular del sitio web puede ofrecer servicios o productos que podr\u00e1n encontrarse sometidos a unas condiciones particulares propias que, seg\u00fan los casos, sustituyan, completen y\/o modifiquen las presentes condiciones, y sobre las cuales se informar\u00e1 al usuario en cada caso concreto.<\/p>\n","protected":false},"excerpt":{"rendered":"<p>En cumplimiento del art\u00edculo 10 de la Ley 34\/2002, del 11 de julio, de servicios de la Sociedad de la Informaci\u00f3n y Comercio Electr\u00f3nico (LSSICE) se exponen a continuaci\u00f3n los datos identificativos de la empresa. Denominaci\u00f3n social: CASASTURGA, SL N\u00famero de identificaci\u00f3n fiscal: B10264331 Domicilio social: C\/ Mercado, 6, 2\u00baB. 10300 Navalmoral de la Mata [&hellip;]<\/p>\n","protected":false},"author":1,"featured_media":0,"parent":0,"menu_order":0,"comment_status":"closed","ping_status":"closed","template":"","meta":{"_monsterinsights_skip_tracking":false,"_monsterinsights_sitenote_active":false,"_monsterinsights_sitenote_note":"","_monsterinsights_sitenote_category":0,"footnotes":""},"class_list":["post-249","page","type-page","status-publish","hentry"],"_links":{"self":[{"href":"https:\/\/apartamentos-casasturga.com\/es\/wp-json\/wp\/v2\/pages\/249"}],"collection":[{"href":"https:\/\/apartamentos-casasturga.com\/es\/wp-json\/wp\/v2\/pages"}],"about":[{"href":"https:\/\/apartamentos-casasturga.com\/es\/wp-json\/wp\/v2\/types\/page"}],"author":[{"embeddable":true,"href":"https:\/\/apartamentos-casasturga.com\/es\/wp-json\/wp\/v2\/users\/1"}],"replies":[{"embeddable":true,"href":"https:\/\/apartamentos-casasturga.com\/es\/wp-json\/wp\/v2\/comments?post=249"}],"version-history":[{"count":4,"href":"https:\/\/apartamentos-casasturga.com\/es\/wp-json\/wp\/v2\/pages\/249\/revisions"}],"predecessor-version":[{"id":272,"href":"https:\/\/apartamentos-casasturga.com\/es\/wp-json\/wp\/v2\/pages\/249\/revisions\/272"}],"wp:attachment":[{"href":"https:\/\/apartamentos-casasturga.com\/es\/wp-json\/wp\/v2\/media?parent=249"}],"curies":[{"name":"wp","href":"https:\/\/api.w.org\/{rel}","templated":true}]}}