{"id":144,"date":"2015-03-17T20:25:15","date_gmt":"2015-03-17T20:25:15","guid":{"rendered":"http:\/\/jorritabrahams.nl\/starhotel-wp\/?page_id=144"},"modified":"2026-03-03T10:38:05","modified_gmt":"2026-03-03T09:38:05","slug":"localizacion-y-contacto","status":"publish","type":"page","link":"https:\/\/apartamentos-casasturga.com\/es\/localizacion-y-contacto\/","title":{"rendered":"Localizaci\u00f3n y contacto"},"content":{"rendered":"<div class=\"wpb-content-wrapper\">[vc_row][vc_column width=&#8221;1\/3&#8243;]\n        <h2 class=\"lined-heading mt50\">\n            <span>\n            Contacto\n            <\/span>\n        <\/h2>\n        \n        <!-- Panel -->\n        <div class=\"panel panel-default text-center\">\n          <div class=\"panel-heading\">\n            <div class=\"panel-title\"><strong>Apartamentos Casasturga<\/strong><\/div>\n          <\/div>\n          <div class=\"panel-body\">\n            <address>\n<p>Casasturga tu<strong> Casa rural en Cuacos de Yuste. <\/strong><\/p>\n<p>Paraje Asturga SN 10430 &#8211; Cuacos de Yuste (C\u00e1ceres)<\/p>\n<ul>\n<li style=\"text-align: left;\"><abbr title=\"M\u00f3vil\">Mov:<\/abbr> <a href=\"tel:+34637231071\">+34 637 231 071<\/a><\/li>\n<li style=\"text-align: left;\"><abbr title=\"Email\">Email: <a href=\"mailto:casasturga@gmail.com\">casasturga@gmail.com<\/a><\/abbr><\/li>\n<li style=\"text-align: left;\"><abbr title=\"Website\">Web:<\/abbr> <a href=\"https:\/\/apartamentos-casasturga.com\/\">www.apartamentos-casasturga.com<\/a><\/li>\n<li style=\"text-align: left;\"><abbr title=\"Facebook\">Facebook:<\/abbr> <a href=\"https:\/\/www.facebook.com\/casasturga\">www.facebook.com\/casasturga<\/a><\/li>\n<\/ul>\n<\/address>\n          <\/div>\n        <\/div>\n        [vc_gmaps link=&#8221;#E-8_JTNDaWZyYW1lJTIwc3JjJTNEJTIyaHR0cHMlM0ElMkYlMkZ3d3cuZ29vZ2xlLmNvbSUyRm1hcHMlMkZlbWJlZCUzRnBiJTNEJTIxMW0xNCUyMTFtOCUyMTFtMyUyMTFkMjQ0MjcuMTEyMzU2OTUzMzIlMjEyZC01LjcxNDY5NTUzOTQwMjMzNCUyMTNkNDAuMDY2NzMzMjg3NDIwMjUlMjEzbTIlMjExaTEwMjQlMjEyaTc2OCUyMTRmMTMuMSUyMTNtMyUyMTFtMiUyMTFzMHgwJTI1M0EweDY3ZTljNzFlM2VlMTcyNTclMjEyc0FwYXJ0YW1lbnRvcyUyQkNhc2FzdHVyZ2ElMjE1ZTAlMjEzbTIlMjExc2VzJTIxMnNlcyUyMTR2MTQ5Mzc5NjIzMjU4NyUyMiUyMHdpZHRoJTNEJTIyMTAwJTI1JTIyJTIwaGVpZ2h0JTNEJTIyMjUwJTIyJTIwZnJhbWVib3JkZXIlM0QlMjIwJTIyJTIwc3R5bGUlM0QlMjJib3JkZXIlM0EwJTIyJTIwYWxsb3dmdWxsc2NyZWVuJTNFJTNDJTJGaWZyYW1lJTNF&#8221;][\/vc_column][vc_column width=&#8221;2\/3&#8243;]\n        <h2 class=\"lined-heading mt50\">\n            <span>\n            Localizaci\u00f3n\n            <\/span>\n        <\/h2>\n        [vc_column_text]<img loading=\"lazy\" decoding=\"async\" class=\"alignnone size-large wp-image-238\" src=\"https:\/\/apartamentos-casasturga.com\/wp-content\/uploads\/2016\/10\/porche-1024x686.png\" alt=\"porche\" width=\"940\" height=\"630\" srcset=\"https:\/\/apartamentos-casasturga.com\/wp-content\/uploads\/2016\/10\/porche-1024x686.png 1024w, https:\/\/apartamentos-casasturga.com\/wp-content\/uploads\/2016\/10\/porche-300x201.png 300w, https:\/\/apartamentos-casasturga.com\/wp-content\/uploads\/2016\/10\/porche-768x514.png 768w, https:\/\/apartamentos-casasturga.com\/wp-content\/uploads\/2016\/10\/porche.png 1147w\" sizes=\"(max-width: 940px) 100vw, 940px\" \/>[\/vc_column_text][\/vc_column][\/vc_row][vc_row][vc_column][vc_separator][vc_column_text]Disfruta del verdadero\u00a0<strong>turismo rural en Cuacos de Yuste<\/strong>. Te ofrecemos tu casa rural en la provincia de C\u00e1ceres con una estancia inolvidable. Para llegar a los apartamentos <strong>Casasturga<\/strong>, hay que ponerse como referencia el pueblo de <strong>Collado de la Vera<\/strong>, es el m\u00e1s cercano. Entran por Jara\u00edz de la Vera, y all\u00ed buscan el cruce de la oficina de Correos (es muy sencillo, est\u00e1 en la carretera principal). En ese cruce giran direcci\u00f3n Collado (3 km). Una vez en Collado ver\u00e1n el cartel de Casasturga, siguen la flecha, solamente faltan 2 km para llegar a los apartamentos. Siguen por la carretera asfaltada hasta la garganta (Las Pilas), cruzan el puente que se van a encontrar y nada m\u00e1s cruzar el puente giran a la derecha. Ya est\u00e1n dentro y ver\u00e1n inmediatamente la <strong>casa rural<\/strong>. Les estaremos esperando. Coordenadas: <a href=\"https:\/\/www.google.es\/maps\/place\/40%C2%B004'02.7%22N+5%C2%B042'33.0%22W\/@40.0656587,-5.7138949,15.5z\/data=!4m5!3m4!1s0x0:0x0!8m2!3d40.067413!4d-5.709169\" target=\"_blank\" rel=\"noopener noreferrer\">40.067413, -5.709169<\/a>[\/vc_column_text][\/vc_column][\/vc_row]\n<\/div>","protected":false},"excerpt":{"rendered":"<p>[vc_row][vc_column width=&#8221;1\/3&#8243;][vc_gmaps link=&#8221;#E-8_JTNDaWZyYW1lJTIwc3JjJTNEJTIyaHR0cHMlM0ElMkYlMkZ3d3cuZ29vZ2xlLmNvbSUyRm1hcHMlMkZlbWJlZCUzRnBiJTNEJTIxMW0xNCUyMTFtOCUyMTFtMyUyMTFkMjQ0MjcuMTEyMzU2OTUzMzIlMjEyZC01LjcxNDY5NTUzOTQwMjMzNCUyMTNkNDAuMDY2NzMzMjg3NDIwMjUlMjEzbTIlMjExaTEwMjQlMjEyaTc2OCUyMTRmMTMuMSUyMTNtMyUyMTFtMiUyMTFzMHgwJTI1M0EweDY3ZTljNzFlM2VlMTcyNTclMjEyc0FwYXJ0YW1lbnRvcyUyQkNhc2FzdHVyZ2ElMjE1ZTAlMjEzbTIlMjExc2VzJTIxMnNlcyUyMTR2MTQ5Mzc5NjIzMjU4NyUyMiUyMHdpZHRoJTNEJTIyMTAwJTI1JTIyJTIwaGVpZ2h0JTNEJTIyMjUwJTIyJTIwZnJhbWVib3JkZXIlM0QlMjIwJTIyJTIwc3R5bGUlM0QlMjJib3JkZXIlM0EwJTIyJTIwYWxsb3dmdWxsc2NyZWVuJTNFJTNDJTJGaWZyYW1lJTNF&#8221;][\/vc_column][vc_column width=&#8221;2\/3&#8243;][vc_column_text][\/vc_column_text][\/vc_column][\/vc_row][vc_row][vc_column][vc_separator][vc_column_text]Disfruta del verdadero\u00a0turismo rural en Cuacos de Yuste. Te ofrecemos tu casa rural en la provincia de C\u00e1ceres con una estancia inolvidable. Para llegar a los apartamentos Casasturga, hay que ponerse como referencia el pueblo de Collado de la Vera, es el m\u00e1s cercano. Entran por Jara\u00edz de la Vera, y all\u00ed [&hellip;]<\/p>\n","protected":false},"author":1,"featured_media":0,"parent":0,"menu_order":0,"comment_status":"closed","ping_status":"open","template":"","meta":{"_monsterinsights_skip_tracking":false,"_monsterinsights_sitenote_active":false,"_monsterinsights_sitenote_note":"","_monsterinsights_sitenote_category":0,"footnotes":""},"class_list":["post-144","page","type-page","status-publish","hentry"],"_links":{"self":[{"href":"https:\/\/apartamentos-casasturga.com\/es\/wp-json\/wp\/v2\/pages\/144"}],"collection":[{"href":"https:\/\/apartamentos-casasturga.com\/es\/wp-json\/wp\/v2\/pages"}],"about":[{"href":"https:\/\/apartamentos-casasturga.com\/es\/wp-json\/wp\/v2\/types\/page"}],"author":[{"embeddable":true,"href":"https:\/\/apartamentos-casasturga.com\/es\/wp-json\/wp\/v2\/users\/1"}],"replies":[{"embeddable":true,"href":"https:\/\/apartamentos-casasturga.com\/es\/wp-json\/wp\/v2\/comments?post=144"}],"version-history":[{"count":5,"href":"https:\/\/apartamentos-casasturga.com\/es\/wp-json\/wp\/v2\/pages\/144\/revisions"}],"predecessor-version":[{"id":856,"href":"https:\/\/apartamentos-casasturga.com\/es\/wp-json\/wp\/v2\/pages\/144\/revisions\/856"}],"wp:attachment":[{"href":"https:\/\/apartamentos-casasturga.com\/es\/wp-json\/wp\/v2\/media?parent=144"}],"curies":[{"name":"wp","href":"https:\/\/api.w.org\/{rel}","templated":true}]}}